{"id":72,"date":"2017-04-17T11:28:35","date_gmt":"2017-04-17T11:28:35","guid":{"rendered":"http:\/\/test.gesundheitsberatung-bad-harzburg.de\/?page_id=72"},"modified":"2024-07-02T10:03:16","modified_gmt":"2024-07-02T10:03:16","slug":"taetigkeitsbereiche","status":"publish","type":"page","link":"https:\/\/www.gesundheitsberatung-bad-harzburg.de\/?page_id=72","title":{"rendered":"T\u00e4tigkeitsbereiche"},"content":{"rendered":"<table style=\"width: 100%;\">\n<tbody>\n<tr>\n<td style=\"width: 199px; text-align: center; vertical-align: top;\">\n<h3 class=\"animated fadeInUp wow animated\">Pr\u00e4vention<\/h3>\n<p class=\"animated fadeInDown wow animated\">Gesundheitsberatung dient der Pr\u00e4vention. Pr\u00e4vention hei\u00dft f\u00fcr sich selbst positive Erlebnisse schaffen, mehr Lebensfreude entwickeln, so dass sich die eigene Einstellung schrittweise ver\u00e4ndert und Sie mit Lust und Spa\u00df etwas f\u00fcr Ihre Gesundheit tun wollen, um Ihr eigenes Gesundheitspotenzial zu nutzen.<\/p>\n<p class=\"animated fadeInDown wow animated\">Pr\u00e4ventionsma\u00dfnahmen zielen auf die F\u00f6rderung pers\u00f6nlicher und sozialer Kraftquellen, die nachweislich das k\u00f6rperliche, psychische und soziale Wohlbefinden aufrechterhalten und steigern.<\/p>\n<\/td>\n<td style=\"width: 239px;\">\n<h3 class=\"animated fadeInUp wow animated\" style=\"text-align: center;\">Meine Unterst\u00fctzung<\/h3>\n<ul>\n<li>Stressmanagement-Training<\/li>\n<li>Entspannungsverfahren: Progressive Muskelentspannung nach Jacobson &amp; Autogenes Training<\/li>\n<li>Resilienz-Training (psychische Widerstandskraft st\u00e4rken)<\/li>\n<li>Achtsamkeits-Training<\/li>\n<li>gesundheitsf\u00f6rdernde Lebensgestaltung<\/li>\n<li>Beratung zur Work-Life-Balance<\/li>\n<li>sanfte Bewegung und K\u00f6rperwahrnehmung<\/li>\n<li>Beratung zu alternativen Therapieverfahren<\/li>\n<li>gesundheitsf\u00f6rdernde Ern\u00e4hrung<\/li>\n<li>Betriebliche Gesundheitsf\u00f6rderung<\/li>\n<\/ul>\n<\/td>\n<td style=\"width: 220.917px; text-align: center; vertical-align: top;\">\n<h3 class=\"animated fadeInUp wow animated\">Ganzheitlichkeit<\/h3>\n<p class=\"animated fadeInDown wow animated\">Sie als Klient erfahren, wie Sie Ihre Gesundheit langfristig erhalten und Krankheiten vorbeugen k\u00f6nnen. Grundlage der Beratung ist eine ganzheitliche Auffassung von Gesundheit, bei der sowohl die k\u00f6rperliche Ebene als auch das seelische und geistige Wohlbefinden ber\u00fccksichtigt werden. Daneben leite ich meine Klienten praktisch an, beispielsweise Entspannungs-und Atem\u00fcbungen oder K\u00f6rperwahrnehmungs- und Bewegungs\u00fcbungen sowie Achtsamkeits-Meditationen.<\/p>\n<\/td>\n<\/tr>\n<\/tbody>\n<\/table>\n","protected":false},"excerpt":{"rendered":"<p>Pr\u00e4vention Gesundheitsberatung dient der Pr\u00e4vention. Pr\u00e4vention hei\u00dft f\u00fcr sich selbst positive Erlebnisse schaffen, mehr Lebensfreude entwickeln, so dass sich die eigene Einstellung schrittweise ver\u00e4ndert und Sie mit Lust und Spa\u00df etwas f\u00fcr Ihre Gesundheit tun wollen, um Ihr eigenes Gesundheitspotenzial zu nutzen. Pr\u00e4ventionsma\u00dfnahmen zielen auf die F\u00f6rderung pers\u00f6nlicher und sozialer Kraftquellen, die nachweislich das k\u00f6rperliche, [&hellip;]<\/p>\n","protected":false},"author":1,"featured_media":0,"parent":0,"menu_order":0,"comment_status":"closed","ping_status":"closed","template":"","meta":{"footnotes":""},"class_list":["post-72","page","type-page","status-publish","entry"],"_links":{"self":[{"href":"https:\/\/www.gesundheitsberatung-bad-harzburg.de\/index.php?rest_route=\/wp\/v2\/pages\/72","targetHints":{"allow":["GET"]}}],"collection":[{"href":"https:\/\/www.gesundheitsberatung-bad-harzburg.de\/index.php?rest_route=\/wp\/v2\/pages"}],"about":[{"href":"https:\/\/www.gesundheitsberatung-bad-harzburg.de\/index.php?rest_route=\/wp\/v2\/types\/page"}],"author":[{"embeddable":true,"href":"https:\/\/www.gesundheitsberatung-bad-harzburg.de\/index.php?rest_route=\/wp\/v2\/users\/1"}],"replies":[{"embeddable":true,"href":"https:\/\/www.gesundheitsberatung-bad-harzburg.de\/index.php?rest_route=%2Fwp%2Fv2%2Fcomments&post=72"}],"version-history":[{"count":15,"href":"https:\/\/www.gesundheitsberatung-bad-harzburg.de\/index.php?rest_route=\/wp\/v2\/pages\/72\/revisions"}],"predecessor-version":[{"id":570,"href":"https:\/\/www.gesundheitsberatung-bad-harzburg.de\/index.php?rest_route=\/wp\/v2\/pages\/72\/revisions\/570"}],"wp:attachment":[{"href":"https:\/\/www.gesundheitsberatung-bad-harzburg.de\/index.php?rest_route=%2Fwp%2Fv2%2Fmedia&parent=72"}],"curies":[{"name":"wp","href":"https:\/\/api.w.org\/{rel}","templated":true}]}}