{"id":71,"date":"2017-04-17T11:28:35","date_gmt":"2017-04-17T11:28:35","guid":{"rendered":"http:\/\/test.gesundheitsberatung-bad-harzburg.de\/?page_id=71"},"modified":"2023-06-18T08:35:54","modified_gmt":"2023-06-18T08:35:54","slug":"ueber-mich-2","status":"publish","type":"page","link":"https:\/\/www.gesundheitsberatung-bad-harzburg.de\/?page_id=71","title":{"rendered":"\u00dcber mich"},"content":{"rendered":"<p>Nach meinem Studium f\u00fcr das Lehramt an Berufsbildenden Schulen mit den F\u00e4chern Wirtschaftsp\u00e4dagogik und Germanistik habe ich lange Zeit im Schuldienst gearbeitet. Nebenbei habe ich mich schon l\u00e4nger f\u00fcr Medizin und Gesundheit interessiert, auch f\u00fcr Naturheilkunde und alternative Heilverfahren sowie den Einfluss geistig-seelischer Faktoren auf die Gesundheit. Aufgrund einer Erkrankung schied ich aus dem Schuldienst aus.<\/p>\n<p>Ich f\u00fchrte ein Fernstudium zur Gesundheitsberaterin mit den Schwerpunkten Bewegung, Ern\u00e4hrung und Entspannung durch. Zus\u00e4tzlich machte ich &#8211; von der Zentralen Pr\u00fcfstelle f\u00fcr Pr\u00e4vention zertifizierte &#8211; Weiterbildungen zur Seminarleiterin f\u00fcr Progressive Muskelentspannung, Autogenes Training sowie Stressmanagement und f\u00fchre jetzt entsprechende Gesundheitsf\u00f6rderungs-<span style=\"text-decoration: underline;\"><span style=\"color: #3366ff;\"><a style=\"color: #3366ff; text-decoration: underline;\" href=\"http:\/\/gesundheitsberatung-bad-harzburg.de\/?page_id=132\">Kurse<\/a><\/span><\/span> durch. Auch ein Resilienz-Trainingsprogramm f\u00fcr Erwachsene, das die Widerstandskraft gegen Stress st\u00e4rkt, geh\u00f6rt zu meinen zertifizierten Pr\u00e4ventionskursen, ebenso wie das Achtsamkeits-Training. Ich biete auch Workshops in Betrieben oder f\u00fcr Selbsthilfegruppen sowie individuelle Lehrg\u00e4nge im Bereich Stressbew\u00e4ltigung und Entspannung an.<\/p>\n<p>Mein Ziel ist es, Ihnen zu helfen, dass sie nicht krank werden. Jeder Mensch hat Selbstheilungskr\u00e4fte, die sich aktivieren und nutzen lassen, um die eigene Gesundheit zu erhalten oder sie wieder herzustellen. Ich m\u00f6chte Ihnen Wege zur Selbsthilfe zeigen, die auch mir geholfen haben.<\/p>\n<p style=\"text-align: center;\"><span style=\"font-size: 14pt;\"><strong>&#8222;Gesundheit ist nicht alles, aber alles ist nichts ohne Gesundheit.&#8220;<\/strong><br \/>\n<\/span><\/p>\n<p style=\"text-align: right;\"><em><span style=\"font-size: 14pt;\">A. Schopenhauer<\/span><\/em><\/p>\n","protected":false},"excerpt":{"rendered":"<p>Nach meinem Studium f\u00fcr das Lehramt an Berufsbildenden Schulen mit den F\u00e4chern Wirtschaftsp\u00e4dagogik und Germanistik habe ich lange Zeit im Schuldienst gearbeitet. Nebenbei habe ich mich schon l\u00e4nger f\u00fcr Medizin und Gesundheit interessiert, auch f\u00fcr Naturheilkunde und alternative Heilverfahren sowie den Einfluss geistig-seelischer Faktoren auf die Gesundheit. Aufgrund einer Erkrankung schied ich aus dem Schuldienst [&hellip;]<\/p>\n","protected":false},"author":1,"featured_media":0,"parent":0,"menu_order":0,"comment_status":"closed","ping_status":"closed","template":"","meta":{"footnotes":""},"class_list":["post-71","page","type-page","status-publish","entry"],"_links":{"self":[{"href":"https:\/\/www.gesundheitsberatung-bad-harzburg.de\/index.php?rest_route=\/wp\/v2\/pages\/71","targetHints":{"allow":["GET"]}}],"collection":[{"href":"https:\/\/www.gesundheitsberatung-bad-harzburg.de\/index.php?rest_route=\/wp\/v2\/pages"}],"about":[{"href":"https:\/\/www.gesundheitsberatung-bad-harzburg.de\/index.php?rest_route=\/wp\/v2\/types\/page"}],"author":[{"embeddable":true,"href":"https:\/\/www.gesundheitsberatung-bad-harzburg.de\/index.php?rest_route=\/wp\/v2\/users\/1"}],"replies":[{"embeddable":true,"href":"https:\/\/www.gesundheitsberatung-bad-harzburg.de\/index.php?rest_route=%2Fwp%2Fv2%2Fcomments&post=71"}],"version-history":[{"count":14,"href":"https:\/\/www.gesundheitsberatung-bad-harzburg.de\/index.php?rest_route=\/wp\/v2\/pages\/71\/revisions"}],"predecessor-version":[{"id":527,"href":"https:\/\/www.gesundheitsberatung-bad-harzburg.de\/index.php?rest_route=\/wp\/v2\/pages\/71\/revisions\/527"}],"wp:attachment":[{"href":"https:\/\/www.gesundheitsberatung-bad-harzburg.de\/index.php?rest_route=%2Fwp%2Fv2%2Fmedia&parent=71"}],"curies":[{"name":"wp","href":"https:\/\/api.w.org\/{rel}","templated":true}]}}