{"id":132,"date":"2017-04-18T16:09:15","date_gmt":"2017-04-18T16:09:15","guid":{"rendered":"http:\/\/test.gesundheitsberatung-bad-harzburg.de\/?page_id=132"},"modified":"2025-09-16T16:46:41","modified_gmt":"2025-09-16T16:46:41","slug":"kurse","status":"publish","type":"page","link":"http:\/\/www.gesundheitsberatung-bad-harzburg.de\/?page_id=132","title":{"rendered":"Kurse"},"content":{"rendered":"<p><span style=\"font-size: 14pt;\">Alle Kurse sind von der <strong><span style=\"color: #808000;\">Zentralen Pr\u00fcfstelle Pr\u00e4vention<\/span><\/strong> zertifiziert und k\u00f6nnen deshalb von allen Krankenkassen bezuschusst werden.<br \/>\n<\/span><\/p>\n<p><strong>Aktuelle Kurstermine finden Sie unter <span style=\"text-decoration: underline;\"><span style=\"color: #3366ff;\"><a style=\"color: #3366ff; text-decoration: underline;\" href=\"http:\/\/gesundheitsberatung-bad-harzburg.de\/?page_id=104\">AKTUELLES<\/a><\/span><\/span>.<\/strong><\/p>\n<p><strong><span style=\"font-size: 14pt;\">Progressive Muskelentspannung<\/span><\/strong> <span style=\"text-decoration: underline; color: #008000;\"><a style=\"color: #008000; text-decoration: underline;\" href=\"http:\/\/www.gesundheitsberatung-bad-harzburg.de\/wp-content\/uploads\/2024\/09\/Zertifikat-PMR-ZPP-24.pdf\"><span style=\"font-size: 14pt;\"><span style=\"font-size: 10pt;\">(siehe Zertifikat)<\/span><\/span><\/a><\/span><strong><span style=\"font-size: 14pt;\"><br \/>\n<\/span><\/strong><\/p>\n<p style=\"text-align: justify;\"><span style=\"font-size: 12pt;\">Gesundheitsbewussten Umgang mit Stressbelastungen und Entspannung k\u00f6nnen Sie lernen. Die Progressive Muskelentspannung nach Jacobson (PMR) ist ein idealer Einstieg f\u00fcr jeden in die Praxis der Entspannungsverfahren. Dabei werden nacheinander verschiedene Muskelgruppen systematisch angespannt und wieder entspannt. Durch bewusste Wahrnehmung des Unterschieds zwischen An- und Entspannung wird eine tiefe Entspannung erreicht. K\u00f6rperliche \u00dcberspannungen l\u00f6sen sich und auch Geist und Seele profitieren davon. PMR ist ein bew\u00e4hrtes Verfahren zur gezielten D\u00e4mpfung akuter Stressreaktionen. Durch regelm\u00e4\u00dfige Anwendung finden Sie zu vegetativ wirksamer <strong>Erholung und Regeneration.<\/strong> Im Verlauf des Kurses wird durch regelm\u00e4\u00dfiges \u00dcben eine Verk\u00fcrzung der \u00dcbungsdauer erreicht und f\u00fcr den allt\u00e4glichen Einsatz (auch in Arbeitspausen) stabilisiert. <\/span><\/p>\n<p>Der Kurs umfasst 10 Einheiten \u00e0 60 Minuten und kostet 110,00 \u20ac.<\/p>\n<hr \/>\n<p><strong><span style=\"font-size: 14pt;\">Autogenes Training &#8211; innere Ruhe finden <\/span><\/strong><a href=\"http:\/\/www.gesundheitsberatung-bad-harzburg.de\/wp-content\/uploads\/2023\/02\/Zertifikat-AT-23.pdf\"><span style=\"text-decoration: underline; color: #008000;\"><span style=\"font-size: 10pt;\">(siehe Zertifikat)<\/span><\/span><\/a><strong><span style=\"font-size: 14pt;\"><br \/>\n<\/span><\/strong><\/p>\n<p style=\"text-align: justify;\">Das Autogene Training (AT) ist ein sehr wirksames Verfahren, um selbstst\u00e4ndig und selbstgesteuert \u00fcber die eigene Vorstellungskraft einen Zustand der Entspannung und Versenkung zu erreichen. Der \u00dcbende versetzt sich \u00fcber gedankliche Selbstbeeinflussung mit Hilfe von sieben formelhaften S\u00e4tzen, die zum Beispiel mit der Vorstellung von Ruhe, Schwere, W\u00e4rme verkn\u00fcpft sind, in einen hypnose\u00e4hnlichen Zustand. In der Tiefenentspannungsphase k\u00f6nnen eigene formelhafte Vors\u00e4tze einbezogen werden, um \u00fcber das Unterbewusstsein die Verwirklichung pers\u00f6nlicher Ziele zu unterst\u00fctzen. Die \u00dcbungsdauer betr\u00e4gt 5 bis 30 Minuten, Ge\u00fcbte beherrschen die Kurzform, die auch w\u00e4hrend der Arbeitspausen praktiziert werden kann. Durch regelm\u00e4\u00dfiges \u00dcben gelingt es Ihnen, <strong>innere Ruhe<\/strong> zu finden. AT ist als Methode zur Stressreduktion bestens bew\u00e4hrt. Sie erhalten umfangreiche Anleitungen f\u00fcr den Einsatz der \u00dcbungen im Alltag sowie entsprechende Seminarunterlagen.<\/p>\n<p>Der Kurs umfasst 10 Einheiten \u00e0 90 Minuten und kostet 160,00 \u20ac.<\/p>\n<hr \/>\n<p><strong><span style=\"font-size: 14pt;\">Stressbew\u00e4ltigung im Alltag <\/span><\/strong><a href=\"http:\/\/www.gesundheitsberatung-bad-harzburg.de\/wp-content\/uploads\/2024\/07\/Zertifikat-Stress-24_1-1.pdf\"><span style=\"font-size: 14pt;\"><span style=\"text-decoration: underline; color: #008000;\"><span style=\"font-size: 10pt;\">(siehe Zertifikat)<\/span><\/span><\/span><\/a><strong><span style=\"font-size: 14pt;\"><br \/>\n<\/span><\/strong><\/p>\n<p style=\"text-align: justify;\">Dauerhafter Stress in Schule, Studium, Beruf und Privatleben beeintr\u00e4chtigt das Wohlbefinden und gef\u00e4hrdet die Gesundheit. Sie lernen im Kurs Methoden, die psychisch belastenden Stress reduzieren oder komplett abbauen.<\/p>\n<p style=\"text-align: justify;\">Stress entsteht im Kopf. Der Kurs zielt darauf, Ihre innere Einstellung so zu ver\u00e4ndern, dass <strong>Ruhe, Souver\u00e4nit\u00e4t und Optimismus<\/strong> einkehren. Sie lernen, aus den Negativschleifen herauszukommen, \u00fcberh\u00f6hte Anspr\u00fcche aufzugeben, eigenen Druck zu mindern und Ihre Handlungsspielr\u00e4ume zu erkennen. Es geht darum, die Kontrolle \u00fcber Gr\u00fcbelei und Sorgenmachen zur\u00fcckzugewinnen, positive Denkmuster zu entwickeln, soziale Kraftquellen zu aktivieren. Sie erfahren, wie Sie Probleme kreativ l\u00f6sen, Zeitdruck reduzieren, Nein-Sagen und sich erholen k\u00f6nnen, so dass Sie neue <strong>Gelassenheit<\/strong> finden.<\/p>\n<p style=\"text-align: left;\">Der Kurs umfasst 8 Einheiten \u00e0 90 Minuten und kostet 140,00 \u20ac (inklusive umfangreicher Seminarunterlagen).<\/p>\n<hr \/>\n<p><strong><span style=\"font-size: 14pt;\">Gelassen und stressfrei durch Achtsamkeit<\/span><\/strong> <span style=\"text-decoration: underline; font-size: 10pt; color: #008000;\"><a style=\"color: #008000;\" href=\"http:\/\/www.gesundheitsberatung-bad-harzburg.de\/wp-content\/uploads\/2025\/09\/Zertifikat-Achtsamkeit-9-25.pdf\">(siehe Zertifikat)<\/a><\/span><\/p>\n<p style=\"text-align: justify;\">Der Kurs zielt darauf, einen angemessenen Umgang mit Stressbelastungen zu erlernen, damit gesundheitssch\u00e4dliche Auswirkungen von Dauerstress vermieden werden und Sie Ihr Gleichgewicht wiederfinden. Basis ist die Praxis der Achtsamkeit. Die Kursteilnehmer lernen sowohl verschiedene einfache Meditationen als auch Achtsamkeit im Alltag zu praktizieren. Die Grundhaltungen der Achtsamkeit, wie beispielsweise Geduld oder Akzeptanz werden vermittelt. Das Kursheft enth\u00e4lt ein breites \u00dcbungsangebot zur Achtsamkeitspraxis, so dass jeder das seinen Bed\u00fcrfnissen Entsprechende findet. Der Kurs beinhaltet auch Impulse zur gesundheitsf\u00f6rderlichen Lebensgestaltung und Anregungen zur Integration des Gelernten und der praktischen \u00dcbungen in den Alltag. Die kurzen Meditations- und Atem\u00fcbungen helfen, sich besser zu konzentrieren, Signale des K\u00f6rpers besser wahrzunehmen, bewusster zu reagieren und zu entscheiden sowie innere Ruhe zu finden. Achtsamkeits-Training f\u00f6rdert Ihre Stressresistenz und Gelassenheit.<\/p>\n<p>Der Kurs umfasst 10 Einheiten \u00e0 90 Minuten und kostet 160,00 \u20ac (inklusive umfangreicher Seminarunterlagen).<\/p>\n<hr \/>\n<p><strong><span style=\"font-size: 14pt;\">Was uns seelisch stark macht &#8211; Resilienz-Training <span style=\"font-size: 12pt;\">LOOVANZ<\/span><\/span><\/strong> <a href=\"http:\/\/www.gesundheitsberatung-bad-harzburg.de\/wp-content\/uploads\/2023\/07\/Zertifikat-ZPP-Res.-bis-2026.pdf\"><span style=\"font-size: 14pt;\"><span style=\"text-decoration: underline; color: #008000;\"><span style=\"font-size: 10pt;\">(siehe Zertifikat)<\/span><\/span><\/span><\/a><strong><span style=\"font-size: 14pt;\"><br \/>\n<\/span><\/strong><\/p>\n<p style=\"text-align: justify;\">In dem Kurs werden Erwachsene sensibel, individuell und zielgerichtet begleitet und angeleitet, ihre psychische Widerstandsf\u00e4higkeit gegen belastende und gesundheitsgef\u00e4hrdende Lebenssituationen aufzubauen und zu st\u00e4rken sowie Stressbelastungen zu reduzieren. Schutzfaktoren wie Optimismus, Akzeptanz, positives Selbstbild, Eigenverantwortung, L\u00f6sungs- und Zukunftsorientierung sowie soziale Unterst\u00fctzung werden gef\u00f6rdert. Das Trainingsprogramm aktiviert pers\u00f6nliche und soziale Kraftquellen, die das k\u00f6rperliche, psychische und soziale Wohlbefinden erhalten und steigern. Sie entwickeln Selbstvertrauen und die Zuversicht, Probleme und Krisen zu meistern. Praktische \u00dcbungen sorgen f\u00fcr die Integration des Gelernten in den Alltag.<\/p>\n<p>Der Kurs umfasst 10 Einheiten \u00e0 60 Minuten und kostet 140,00 \u20ac (inklusive umfangreicher Seminarunterlagen).<\/p>\n<hr \/>\n<p><strong>Aktuelle Kurstermine finden Sie unter <span style=\"text-decoration: underline;\"><span style=\"color: #3366ff;\"><a style=\"color: #3366ff; text-decoration: underline;\" href=\"http:\/\/gesundheitsberatung-bad-harzburg.de\/?page_id=104\">AKTUELLES<\/a><\/span><\/span>.<\/strong><\/p>\n","protected":false},"excerpt":{"rendered":"<p>Alle Kurse sind von der Zentralen Pr\u00fcfstelle Pr\u00e4vention zertifiziert und k\u00f6nnen deshalb von allen Krankenkassen bezuschusst werden. Aktuelle Kurstermine finden Sie unter AKTUELLES. Progressive Muskelentspannung (siehe Zertifikat) Gesundheitsbewussten Umgang mit Stressbelastungen und Entspannung k\u00f6nnen Sie lernen. Die Progressive Muskelentspannung nach Jacobson (PMR) ist ein idealer Einstieg f\u00fcr jeden in die Praxis der Entspannungsverfahren. Dabei werden [&hellip;]<\/p>\n","protected":false},"author":1,"featured_media":0,"parent":0,"menu_order":0,"comment_status":"closed","ping_status":"closed","template":"","meta":{"footnotes":""},"class_list":["post-132","page","type-page","status-publish","entry"],"_links":{"self":[{"href":"http:\/\/www.gesundheitsberatung-bad-harzburg.de\/index.php?rest_route=\/wp\/v2\/pages\/132","targetHints":{"allow":["GET"]}}],"collection":[{"href":"http:\/\/www.gesundheitsberatung-bad-harzburg.de\/index.php?rest_route=\/wp\/v2\/pages"}],"about":[{"href":"http:\/\/www.gesundheitsberatung-bad-harzburg.de\/index.php?rest_route=\/wp\/v2\/types\/page"}],"author":[{"embeddable":true,"href":"http:\/\/www.gesundheitsberatung-bad-harzburg.de\/index.php?rest_route=\/wp\/v2\/users\/1"}],"replies":[{"embeddable":true,"href":"http:\/\/www.gesundheitsberatung-bad-harzburg.de\/index.php?rest_route=%2Fwp%2Fv2%2Fcomments&post=132"}],"version-history":[{"count":71,"href":"http:\/\/www.gesundheitsberatung-bad-harzburg.de\/index.php?rest_route=\/wp\/v2\/pages\/132\/revisions"}],"predecessor-version":[{"id":627,"href":"http:\/\/www.gesundheitsberatung-bad-harzburg.de\/index.php?rest_route=\/wp\/v2\/pages\/132\/revisions\/627"}],"wp:attachment":[{"href":"http:\/\/www.gesundheitsberatung-bad-harzburg.de\/index.php?rest_route=%2Fwp%2Fv2%2Fmedia&parent=132"}],"curies":[{"name":"wp","href":"https:\/\/api.w.org\/{rel}","templated":true}]}}